{"id":121,"date":"2025-03-20T15:48:23","date_gmt":"2025-03-20T15:48:23","guid":{"rendered":"https:\/\/lista-u-lisboa.pt\/?page_id=121"},"modified":"2025-03-20T16:56:33","modified_gmt":"2025-03-20T16:56:33","slug":"linhas-programaticas","status":"publish","type":"page","link":"https:\/\/movimento-u-lisboa.pt\/?page_id=121","title":{"rendered":"Linhas program\u00e1ticas"},"content":{"rendered":"\n<h2 class=\"wp-block-heading\"><br><strong>Participar e democratizar<\/strong><\/h2>\n\n\n\n<ul class=\"wp-block-list\">\n<li>Promover a participa\u00e7\u00e3o alargada das comunidades acad\u00e9micas, por meio da cria\u00e7\u00e3o de assembleias de escola com composi\u00e7\u00e3o alargada.<\/li>\n\n\n\n<li>Assegurar a independ\u00eancia e a separa\u00e7\u00e3o de poderes entre os conselhos cient\u00edficos e pedag\u00f3gicos e os outros \u00f3rg\u00e3os de gest\u00e3o e garantir que det\u00eam os poderes necess\u00e1rios para levar a cabo as suas atribui\u00e7\u00f5es.<\/li>\n\n\n\n<li>Garantir o direito de voto na universidade e nas escolas a todos os professores e investigadores, de carreira ou contratados a termo certo, do grupo ULisboa.<\/li>\n\n\n\n<li>Promover pol\u00edticas de combate a todas as formas de discrimina\u00e7\u00e3o constitucionalmente salvaguardadas, assim como as pr\u00e1ticas de ass\u00e9dio moral, ass\u00e9dio sexual e de <em>bullying<\/em> cient\u00edfico.<\/li>\n\n\n\n<li>Garantir o funcionamento de gabinetes jur\u00eddicos independentes, que defendam o interesse dos docentes e investigadores, evitando situa\u00e7\u00f5es de falta de lisura e transpar\u00eancia do poder institu\u00eddo.<\/li>\n<\/ul>\n\n\n\n<h2 class=\"wp-block-heading\"><br><strong>Informar e prestar contas<\/strong><\/h2>\n\n\n\n<ul class=\"wp-block-list\">\n<li>Lan\u00e7ar uma pr\u00e1tica de divulga\u00e7\u00e3o por toda a universidade dos documentos relativos a programas, or\u00e7amentos e contas.<\/li>\n\n\n\n<li>Transformar o Procurador da universidade numa inst\u00e2ncia de averigua\u00e7\u00e3o de queixas e de promo\u00e7\u00e3o de defesa de boas pr\u00e1ticas.<\/li>\n\n\n\n<li>Garantir transpar\u00eancia e legalidade nos processos de constitui\u00e7\u00e3o dos j\u00faris de contrata\u00e7\u00e3o e preenchimento dos lugares do quadro e o adequado escrut\u00ednio das suas decis\u00f5es.<\/li>\n\n\n\n<li>Estabelecer momentos de di\u00e1logo direto em cada escola entre a equipa reitoral e a comunidade escolar.<\/li>\n<\/ul>\n\n\n\n<h2 class=\"wp-block-heading\"><br><strong>Contratar e promover<\/strong><\/h2>\n\n\n\n<ul class=\"wp-block-list\">\n<li>Estabelecer uma pol\u00edtica plurianual de recrutamento de docentes e investigadores que d\u00ea resposta \u00e0 necess\u00e1ria renova\u00e7\u00e3o geracional dos quadros docentes e de investiga\u00e7\u00e3o.<\/li>\n\n\n\n<li>Criar planos de pessoal que dignifiquem as carreiras docente e de investiga\u00e7\u00e3o, salvaguardando as leg\u00edtimas aspira\u00e7\u00f5es dos seus docentes e investigadores, muitos deles h\u00e1 d\u00e9cadas na mesma categoria profissional.<\/li>\n\n\n\n<li>Promover o debate e implementa\u00e7\u00e3o de um plano de mitiga\u00e7\u00e3o da precariedade laboral nas \u00e1reas de investiga\u00e7\u00e3o e doc\u00eancia.<\/li>\n\n\n\n<li>Defender a implementa\u00e7\u00e3o, com o envolvimento dos docentes, de formas mais justas e equilibradas de distribui\u00e7\u00e3o de servi\u00e7o docente, evitando a fragmenta\u00e7\u00e3o, refor\u00e7ando os apoios administrativos e facilitando a mobilidade ensino-investiga\u00e7\u00e3o.<\/li>\n<\/ul>\n\n\n\n<h2 class=\"wp-block-heading\"><br><strong>Debater e inovar<\/strong><\/h2>\n\n\n\n<ul class=\"wp-block-list\">\n<li>Refletir sobre os aspetos formativos da universidade, nomeadamente a reorganiza\u00e7\u00e3o da oferta formativa.<\/li>\n\n\n\n<li>Garantir a transversalidade curricular e de compet\u00eancias e promover a colabora\u00e7\u00e3o e a articula\u00e7\u00e3o entre as escolas para projetos pedag\u00f3gicos e de investiga\u00e7\u00e3o, que se querem abertos e participados.<\/li>\n\n\n\n<li>Potenciar e agilizar processos de liga\u00e7\u00e3o cient\u00edfica, pedag\u00f3gica e administrativa entre as escolas da Universidade.<\/li>\n\n\n\n<li>Assegurar que somos uma universidade de excel\u00eancia e dignidade em pr\u00e1ticas e resultados.<\/li>\n<\/ul>\n","protected":false},"excerpt":{"rendered":"<p>Participar e democratizar Informar e prestar contas Contratar e promover Debater e inovar<\/p>\n","protected":false},"author":2,"featured_media":0,"parent":0,"menu_order":0,"comment_status":"closed","ping_status":"closed","template":"","meta":{"footnotes":""},"class_list":["post-121","page","type-page","status-publish","hentry"],"_links":{"self":[{"href":"https:\/\/movimento-u-lisboa.pt\/index.php?rest_route=\/wp\/v2\/pages\/121","targetHints":{"allow":["GET"]}}],"collection":[{"href":"https:\/\/movimento-u-lisboa.pt\/index.php?rest_route=\/wp\/v2\/pages"}],"about":[{"href":"https:\/\/movimento-u-lisboa.pt\/index.php?rest_route=\/wp\/v2\/types\/page"}],"author":[{"embeddable":true,"href":"https:\/\/movimento-u-lisboa.pt\/index.php?rest_route=\/wp\/v2\/users\/2"}],"replies":[{"embeddable":true,"href":"https:\/\/movimento-u-lisboa.pt\/index.php?rest_route=%2Fwp%2Fv2%2Fcomments&post=121"}],"version-history":[{"count":1,"href":"https:\/\/movimento-u-lisboa.pt\/index.php?rest_route=\/wp\/v2\/pages\/121\/revisions"}],"predecessor-version":[{"id":126,"href":"https:\/\/movimento-u-lisboa.pt\/index.php?rest_route=\/wp\/v2\/pages\/121\/revisions\/126"}],"wp:attachment":[{"href":"https:\/\/movimento-u-lisboa.pt\/index.php?rest_route=%2Fwp%2Fv2%2Fmedia&parent=121"}],"curies":[{"name":"wp","href":"https:\/\/api.w.org\/{rel}","templated":true}]}}